{"id":1696,"date":"2022-08-19T14:10:33","date_gmt":"2022-08-19T12:10:33","guid":{"rendered":"https:\/\/bikers.poush-dev.be\/mentions-legales\/"},"modified":"2026-04-09T12:16:36","modified_gmt":"2026-04-09T10:16:36","slug":"wettelijke-vermeldingen","status":"publish","type":"page","link":"https:\/\/www.bikers.be\/nl\/wettelijke-vermeldingen\/","title":{"rendered":"Wettelijke vermeldingen"},"content":{"rendered":"<p>[et_pb_section fb_built=&#8221;1&#8243; _builder_version=&#8221;4.27.4&#8243; _module_preset=&#8221;default&#8221; global_colors_info=&#8221;{}&#8221;][et_pb_row _builder_version=&#8221;4.27.4&#8243; _module_preset=&#8221;default&#8221; global_colors_info=&#8221;{}&#8221;][et_pb_column type=&#8221;4_4&#8243; _builder_version=&#8221;4.27.4&#8243; _module_preset=&#8221;default&#8221; global_colors_info=&#8221;{}&#8221;][et_pb_text _builder_version=&#8221;4.27.4&#8243; _module_preset=&#8221;default&#8221; hover_enabled=&#8221;0&#8243; global_colors_info=&#8221;{}&#8221; sticky_enabled=&#8221;0&#8243;]<\/p>\n<h1>Wettelijke vermeldingen<\/h1>\n<h2> <\/h2>\n<h2>Wie zijn wij?<\/h2>\n<p>&nbsp;<\/p>\n<p>O2Bikers<\/p>\n<p>Belgisch online medium gewijd aan mountainbiken\/fietsen: materiaaltests, nieuws, advies en routes<\/p>\n<p>&nbsp;<\/p>\n<p><b>Missie<\/b><\/p>\n<p>Mountainbikers in Belgi\u00eb informeren en samenbrengen: O2 BIKERS is een medium dat nieuws brengt over mountainbiken in Belgi\u00eb en de rest van de wereld<\/p>\n<p>&nbsp;<\/p>\n<p><b>Contact<\/b><\/p>\n<p>O2Bikers<\/p>\n<p>Rue des Pieds d&#8217;Alouette 39, 5100 Namen, Belgi\u00eb<\/p>\n<p>&nbsp;<\/p>\n<p>redac@bikers.be<\/p>\n<p>BTW BE459.951.927<\/p>\n<p>&nbsp;<\/p>\n<p>O2Bikers verbindt zich ertoe de geldende wetgeving in Belgi\u00eb en Europa na te leven en stelt alles in het werk om elk ongeoorloofd of onrechtmatig gebruik van uw persoonsgegevens te voorkomen. Daartoe maken we gebruik van passende procedures en systemen om ervoor te zorgen dat alleen bevoegde personen toegang hebben tot uw gegevens. Bovendien herinneren wij u eraan dat deze personen in het kader van hun functie tot geheimhouding verplicht zijn.[\/et_pb_text][\/et_pb_column][\/et_pb_row][\/et_pb_section]<\/p>\n","protected":false},"excerpt":{"rendered":"<p>Wettelijke vermeldingen Wie zijn wij? &nbsp; O2Bikers Belgisch online medium gewijd aan mountainbiken\/fietsen: materiaaltests, nieuws, advies en routes &nbsp; Missie Mountainbikers in Belgi\u00eb informeren en samenbrengen: O2 BIKERS is een medium dat nieuws brengt over mountainbiken in Belgi\u00eb en de rest van de wereld &nbsp; Contact O2Bikers Rue des Pieds d&#8217;Alouette 39, 5100 Namen, Belgi\u00eb &nbsp; redac@bikers.be BTW BE459.951.927 &nbsp; O2Bikers verbindt zich ertoe de geldende wetgeving in Belgi\u00eb en Europa na te leven en stelt alles in het werk om elk ongeoorloofd of onrechtmatig gebruik van uw persoonsgegevens te voorkomen. Daartoe maken we gebruik van passende procedures en systemen om ervoor te zorgen dat alleen bevoegde personen toegang hebben tot uw gegevens. Bovendien herinneren wij u eraan dat deze personen in het kader van hun functie tot geheimhouding verplicht zijn.<\/p>\n","protected":false},"author":1,"featured_media":0,"parent":0,"menu_order":1000,"comment_status":"closed","ping_status":"closed","template":"","meta":{"_et_pb_use_builder":"on","_et_pb_old_content":"","_et_gb_content_width":"","footnotes":""},"class_list":["post-1696","page","type-page","status-publish","hentry"],"yoast_head":"<!-- This site is optimized with the Yoast SEO plugin v27.4 - https:\/\/yoast.com\/product\/yoast-seo-wordpress\/ -->\n<title>Wettelijke vermeldingen | O2Bikers<\/title>\n<meta name=\"robots\" content=\"index, follow, max-snippet:-1, max-image-preview:large, max-video-preview:-1\" \/>\n<link rel=\"canonical\" href=\"https:\/\/www.bikers.be\/nl\/wettelijke-vermeldingen\/\" \/>\n<meta property=\"og:locale\" content=\"nl_NL\" \/>\n<meta property=\"og:type\" content=\"article\" \/>\n<meta property=\"og:title\" content=\"Wettelijke vermeldingen | O2Bikers\" \/>\n<meta property=\"og:description\" content=\"Wettelijke vermeldingen Wie zijn wij? &nbsp; O2Bikers Belgisch online medium gewijd aan mountainbiken\/fietsen: materiaaltests, nieuws, advies en routes &nbsp; Missie Mountainbikers in Belgi\u00eb informeren en samenbrengen: O2 BIKERS is een medium dat nieuws brengt over mountainbiken in Belgi\u00eb en de rest van de wereld &nbsp; Contact O2Bikers Rue des Pieds d&#039;Alouette 39, 5100 Namen, Belgi\u00eb &nbsp; redac@bikers.be BTW BE459.951.927 &nbsp; O2Bikers verbindt zich ertoe de geldende wetgeving in Belgi\u00eb en Europa na te leven en stelt alles in het werk om elk ongeoorloofd of onrechtmatig gebruik van uw persoonsgegevens te voorkomen. Daartoe maken we gebruik van passende procedures en systemen om ervoor te zorgen dat alleen bevoegde personen toegang hebben tot uw gegevens. Bovendien herinneren wij u eraan dat deze personen in het kader van hun functie tot geheimhouding verplicht zijn.\" \/>\n<meta property=\"og:url\" content=\"https:\/\/www.bikers.be\/nl\/wettelijke-vermeldingen\/\" \/>\n<meta property=\"og:site_name\" content=\"O2Bikers\" \/>\n<meta property=\"article:modified_time\" content=\"2026-04-09T10:16:36+00:00\" \/>\n<meta name=\"twitter:card\" content=\"summary_large_image\" \/>\n<meta name=\"twitter:label1\" content=\"Geschatte leestijd\" \/>\n\t<meta name=\"twitter:data1\" content=\"1 minuut\" \/>\n<script type=\"application\/ld+json\" class=\"yoast-schema-graph\">{\"@context\":\"https:\\\/\\\/schema.org\",\"@graph\":[{\"@type\":\"WebPage\",\"@id\":\"https:\\\/\\\/www.bikers.be\\\/nl\\\/wettelijke-vermeldingen\\\/\",\"url\":\"https:\\\/\\\/www.bikers.be\\\/nl\\\/wettelijke-vermeldingen\\\/\",\"name\":\"Wettelijke vermeldingen | O2Bikers\",\"isPartOf\":{\"@id\":\"https:\\\/\\\/www.bikers.be\\\/nl\\\/#website\"},\"datePublished\":\"2022-08-19T12:10:33+00:00\",\"dateModified\":\"2026-04-09T10:16:36+00:00\",\"breadcrumb\":{\"@id\":\"https:\\\/\\\/www.bikers.be\\\/nl\\\/wettelijke-vermeldingen\\\/#breadcrumb\"},\"inLanguage\":\"nl-NL\",\"potentialAction\":[{\"@type\":\"ReadAction\",\"target\":[\"https:\\\/\\\/www.bikers.be\\\/nl\\\/wettelijke-vermeldingen\\\/\"]}]},{\"@type\":\"BreadcrumbList\",\"@id\":\"https:\\\/\\\/www.bikers.be\\\/nl\\\/wettelijke-vermeldingen\\\/#breadcrumb\",\"itemListElement\":[{\"@type\":\"ListItem\",\"position\":1,\"name\":\"Accueil\",\"item\":\"https:\\\/\\\/www.bikers.be\\\/nl\\\/\"},{\"@type\":\"ListItem\",\"position\":2,\"name\":\"Wettelijke vermeldingen\"}]},{\"@type\":\"WebSite\",\"@id\":\"https:\\\/\\\/www.bikers.be\\\/nl\\\/#website\",\"url\":\"https:\\\/\\\/www.bikers.be\\\/nl\\\/\",\"name\":\"O2Bikers\",\"description\":\"\",\"potentialAction\":[{\"@type\":\"SearchAction\",\"target\":{\"@type\":\"EntryPoint\",\"urlTemplate\":\"https:\\\/\\\/www.bikers.be\\\/nl\\\/?s={search_term_string}\"},\"query-input\":{\"@type\":\"PropertyValueSpecification\",\"valueRequired\":true,\"valueName\":\"search_term_string\"}}],\"inLanguage\":\"nl-NL\"}]}<\/script>\n<!-- \/ Yoast SEO plugin. -->","yoast_head_json":{"title":"Wettelijke vermeldingen | O2Bikers","robots":{"index":"index","follow":"follow","max-snippet":"max-snippet:-1","max-image-preview":"max-image-preview:large","max-video-preview":"max-video-preview:-1"},"canonical":"https:\/\/www.bikers.be\/nl\/wettelijke-vermeldingen\/","og_locale":"nl_NL","og_type":"article","og_title":"Wettelijke vermeldingen | O2Bikers","og_description":"Wettelijke vermeldingen Wie zijn wij? &nbsp; O2Bikers Belgisch online medium gewijd aan mountainbiken\/fietsen: materiaaltests, nieuws, advies en routes &nbsp; Missie Mountainbikers in Belgi\u00eb informeren en samenbrengen: O2 BIKERS is een medium dat nieuws brengt over mountainbiken in Belgi\u00eb en de rest van de wereld &nbsp; Contact O2Bikers Rue des Pieds d'Alouette 39, 5100 Namen, Belgi\u00eb &nbsp; redac@bikers.be BTW BE459.951.927 &nbsp; O2Bikers verbindt zich ertoe de geldende wetgeving in Belgi\u00eb en Europa na te leven en stelt alles in het werk om elk ongeoorloofd of onrechtmatig gebruik van uw persoonsgegevens te voorkomen. Daartoe maken we gebruik van passende procedures en systemen om ervoor te zorgen dat alleen bevoegde personen toegang hebben tot uw gegevens. Bovendien herinneren wij u eraan dat deze personen in het kader van hun functie tot geheimhouding verplicht zijn.","og_url":"https:\/\/www.bikers.be\/nl\/wettelijke-vermeldingen\/","og_site_name":"O2Bikers","article_modified_time":"2026-04-09T10:16:36+00:00","twitter_card":"summary_large_image","twitter_misc":{"Geschatte leestijd":"1 minuut"},"schema":{"@context":"https:\/\/schema.org","@graph":[{"@type":"WebPage","@id":"https:\/\/www.bikers.be\/nl\/wettelijke-vermeldingen\/","url":"https:\/\/www.bikers.be\/nl\/wettelijke-vermeldingen\/","name":"Wettelijke vermeldingen | O2Bikers","isPartOf":{"@id":"https:\/\/www.bikers.be\/nl\/#website"},"datePublished":"2022-08-19T12:10:33+00:00","dateModified":"2026-04-09T10:16:36+00:00","breadcrumb":{"@id":"https:\/\/www.bikers.be\/nl\/wettelijke-vermeldingen\/#breadcrumb"},"inLanguage":"nl-NL","potentialAction":[{"@type":"ReadAction","target":["https:\/\/www.bikers.be\/nl\/wettelijke-vermeldingen\/"]}]},{"@type":"BreadcrumbList","@id":"https:\/\/www.bikers.be\/nl\/wettelijke-vermeldingen\/#breadcrumb","itemListElement":[{"@type":"ListItem","position":1,"name":"Accueil","item":"https:\/\/www.bikers.be\/nl\/"},{"@type":"ListItem","position":2,"name":"Wettelijke vermeldingen"}]},{"@type":"WebSite","@id":"https:\/\/www.bikers.be\/nl\/#website","url":"https:\/\/www.bikers.be\/nl\/","name":"O2Bikers","description":"","potentialAction":[{"@type":"SearchAction","target":{"@type":"EntryPoint","urlTemplate":"https:\/\/www.bikers.be\/nl\/?s={search_term_string}"},"query-input":{"@type":"PropertyValueSpecification","valueRequired":true,"valueName":"search_term_string"}}],"inLanguage":"nl-NL"}]}},"_links":{"self":[{"href":"https:\/\/www.bikers.be\/nl\/wp-json\/wp\/v2\/pages\/1696","targetHints":{"allow":["GET"]}}],"collection":[{"href":"https:\/\/www.bikers.be\/nl\/wp-json\/wp\/v2\/pages"}],"about":[{"href":"https:\/\/www.bikers.be\/nl\/wp-json\/wp\/v2\/types\/page"}],"author":[{"embeddable":true,"href":"https:\/\/www.bikers.be\/nl\/wp-json\/wp\/v2\/users\/1"}],"replies":[{"embeddable":true,"href":"https:\/\/www.bikers.be\/nl\/wp-json\/wp\/v2\/comments?post=1696"}],"version-history":[{"count":3,"href":"https:\/\/www.bikers.be\/nl\/wp-json\/wp\/v2\/pages\/1696\/revisions"}],"predecessor-version":[{"id":1708,"href":"https:\/\/www.bikers.be\/nl\/wp-json\/wp\/v2\/pages\/1696\/revisions\/1708"}],"wp:attachment":[{"href":"https:\/\/www.bikers.be\/nl\/wp-json\/wp\/v2\/media?parent=1696"}],"curies":[{"name":"wp","href":"https:\/\/api.w.org\/{rel}","templated":true}]}}